{"id":104,"date":"2016-08-29T14:44:05","date_gmt":"2016-08-29T12:44:05","guid":{"rendered":"http:\/\/taxis-sarine.ch\/?page_id=104"},"modified":"2024-05-10T08:22:57","modified_gmt":"2024-05-10T06:22:57","slug":"profil-d-entreprise","status":"publish","type":"page","link":"https:\/\/taxis-sarine.ch\/","title":{"rendered":"PROFIL D&rsquo;ENTREPRISE"},"content":{"rendered":"<div class=\"wp-block-image\">\n<figure class=\"aligncenter size-large is-resized\"><img loading=\"lazy\" decoding=\"async\" width=\"1024\" height=\"360\" src=\"https:\/\/taxis-sarine.ch\/wp-content\/uploads\/2023\/03\/BANNIERE-024-WEB-1024x360.jpg\" alt=\"\" class=\"wp-image-1690\" style=\"aspect-ratio:2.845771144278607;width:1308px;height:auto\" srcset=\"https:\/\/taxis-sarine.ch\/wp-content\/uploads\/2023\/03\/BANNIERE-024-WEB-1024x360.jpg 1024w, https:\/\/taxis-sarine.ch\/wp-content\/uploads\/2023\/03\/BANNIERE-024-WEB-300x106.jpg 300w, https:\/\/taxis-sarine.ch\/wp-content\/uploads\/2023\/03\/BANNIERE-024-WEB-768x270.jpg 768w, https:\/\/taxis-sarine.ch\/wp-content\/uploads\/2023\/03\/BANNIERE-024-WEB-1536x540.jpg 1536w, https:\/\/taxis-sarine.ch\/wp-content\/uploads\/2023\/03\/BANNIERE-024-WEB-2048x721.jpg 2048w, https:\/\/taxis-sarine.ch\/wp-content\/uploads\/2023\/03\/BANNIERE-024-WEB-100x35.jpg 100w, https:\/\/taxis-sarine.ch\/wp-content\/uploads\/2023\/03\/BANNIERE-024-WEB-150x53.jpg 150w, https:\/\/taxis-sarine.ch\/wp-content\/uploads\/2023\/03\/BANNIERE-024-WEB-200x70.jpg 200w, https:\/\/taxis-sarine.ch\/wp-content\/uploads\/2023\/03\/BANNIERE-024-WEB-450x158.jpg 450w, https:\/\/taxis-sarine.ch\/wp-content\/uploads\/2023\/03\/BANNIERE-024-WEB-600x211.jpg 600w, https:\/\/taxis-sarine.ch\/wp-content\/uploads\/2023\/03\/BANNIERE-024-WEB-900x317.jpg 900w\" sizes=\"auto, (max-width: 1024px) 100vw, 1024px\" \/><\/figure>\n<\/div>\n\n<h4>\u00a0 \u00a0 \u00a0 \u00a0 \u00a0 \u00a0 \u00a0 \u00a0 \u00a0 \u00a0 \u00a0 \u00a0 \u00a0 \u00a0 \u00a0 \u00a0 \u00a0 \u00a0 \u00a0 <img loading=\"lazy\" decoding=\"async\" class=\"wp-image-1641 alignright\" src=\"https:\/\/taxis-sarine.ch\/wp-content\/uploads\/2023\/02\/WEB-300x92.jpg\" alt=\"\" width=\"803\" height=\"246\" srcset=\"https:\/\/taxis-sarine.ch\/wp-content\/uploads\/2023\/02\/WEB-300x92.jpg 300w, https:\/\/taxis-sarine.ch\/wp-content\/uploads\/2023\/02\/WEB-1024x314.jpg 1024w, https:\/\/taxis-sarine.ch\/wp-content\/uploads\/2023\/02\/WEB-768x236.jpg 768w, https:\/\/taxis-sarine.ch\/wp-content\/uploads\/2023\/02\/WEB-1536x471.jpg 1536w, https:\/\/taxis-sarine.ch\/wp-content\/uploads\/2023\/02\/WEB-2048x628.jpg 2048w, https:\/\/taxis-sarine.ch\/wp-content\/uploads\/2023\/02\/WEB-100x31.jpg 100w, https:\/\/taxis-sarine.ch\/wp-content\/uploads\/2023\/02\/WEB-150x46.jpg 150w, https:\/\/taxis-sarine.ch\/wp-content\/uploads\/2023\/02\/WEB-200x61.jpg 200w, https:\/\/taxis-sarine.ch\/wp-content\/uploads\/2023\/02\/WEB-450x138.jpg 450w, https:\/\/taxis-sarine.ch\/wp-content\/uploads\/2023\/02\/WEB-600x184.jpg 600w, https:\/\/taxis-sarine.ch\/wp-content\/uploads\/2023\/02\/WEB-900x276.jpg 900w\" sizes=\"auto, (max-width: 803px) 100vw, 803px\" \/>\u00a0 \u00a0\u00a0<\/h4>\n<h4>\u00a0<\/h4>\n<h4><a href=\"https:\/\/taxis-sarine.ch\/wp-content\/uploads\/2024\/05\/QR-CODE-WAT.jpg\"><img loading=\"lazy\" decoding=\"async\" class=\"alignnone  wp-image-1791\" src=\"https:\/\/taxis-sarine.ch\/wp-content\/uploads\/2024\/05\/QR-CODE-WAT-226x300.jpg\" alt=\"\" width=\"67\" height=\"88\" srcset=\"https:\/\/taxis-sarine.ch\/wp-content\/uploads\/2024\/05\/QR-CODE-WAT-226x300.jpg 226w, https:\/\/taxis-sarine.ch\/wp-content\/uploads\/2024\/05\/QR-CODE-WAT-100x133.jpg 100w, https:\/\/taxis-sarine.ch\/wp-content\/uploads\/2024\/05\/QR-CODE-WAT-150x199.jpg 150w, https:\/\/taxis-sarine.ch\/wp-content\/uploads\/2024\/05\/QR-CODE-WAT-200x266.jpg 200w, https:\/\/taxis-sarine.ch\/wp-content\/uploads\/2024\/05\/QR-CODE-WAT-300x399.jpg 300w, https:\/\/taxis-sarine.ch\/wp-content\/uploads\/2024\/05\/QR-CODE-WAT-450x598.jpg 450w, https:\/\/taxis-sarine.ch\/wp-content\/uploads\/2024\/05\/QR-CODE-WAT-600x798.jpg 600w, https:\/\/taxis-sarine.ch\/wp-content\/uploads\/2024\/05\/QR-CODE-WAT.jpg 634w\" sizes=\"auto, (max-width: 67px) 100vw, 67px\" \/><\/a><strong> 079\/ 323-1700\u00a0 <\/strong><\/h4>\n<h4><img loading=\"lazy\" decoding=\"async\" class=\"alignnone wp-image-1301\" src=\"https:\/\/taxis-sarine.ch\/wp-content\/uploads\/2018\/02\/LOGO-E-MAIL-298x300.jpg\" alt=\"\" width=\"43\" height=\"43\" srcset=\"https:\/\/taxis-sarine.ch\/wp-content\/uploads\/2018\/02\/LOGO-E-MAIL-298x300.jpg 298w, https:\/\/taxis-sarine.ch\/wp-content\/uploads\/2018\/02\/LOGO-E-MAIL-150x150.jpg 150w, https:\/\/taxis-sarine.ch\/wp-content\/uploads\/2018\/02\/LOGO-E-MAIL-768x772.jpg 768w, https:\/\/taxis-sarine.ch\/wp-content\/uploads\/2018\/02\/LOGO-E-MAIL-1019x1024.jpg 1019w, https:\/\/taxis-sarine.ch\/wp-content\/uploads\/2018\/02\/LOGO-E-MAIL-100x101.jpg 100w, https:\/\/taxis-sarine.ch\/wp-content\/uploads\/2018\/02\/LOGO-E-MAIL-200x201.jpg 200w, https:\/\/taxis-sarine.ch\/wp-content\/uploads\/2018\/02\/LOGO-E-MAIL-300x302.jpg 300w, https:\/\/taxis-sarine.ch\/wp-content\/uploads\/2018\/02\/LOGO-E-MAIL-450x452.jpg 450w, https:\/\/taxis-sarine.ch\/wp-content\/uploads\/2018\/02\/LOGO-E-MAIL-600x603.jpg 600w, https:\/\/taxis-sarine.ch\/wp-content\/uploads\/2018\/02\/LOGO-E-MAIL-900x905.jpg 900w\" sizes=\"auto, (max-width: 43px) 100vw, 43px\" \/><strong><a href=\"mailto:1700@bluewin.ch\" target=\"_blank\" rel=\"noopener noreferrer\"><span style=\"text-decoration: underline;\"><span style=\"font-family: tahoma, arial, helvetica, sans-serif;\">1700@bluewin.ch<\/span><\/span><\/a><\/strong><\/h4>\n<p style=\"text-align: center;\"><span style=\"font-family: 'arial black', sans-serif;\"><a href=\"https:\/\/youtu.be\/gvY8T38VCKA\"><span style=\"color: #3366ff;\"><strong>Visite du parc v\u00e9hicules<\/strong><\/span><\/a><\/span><\/p>\n<p>\u00a0\u00a0\u00a0\u00a0\u00a0\u00a0\u00a0\u00a0\u00a0\u00a0\u00a0\u00a0\u00a0\u00a0\u00a0\u00a0\u00a0\u00a0\u00a0\u00a0\u00a0\u00a0\u00a0\u00a0\u00a0\u00a0\u00a0\u00a0\u00a0\u00a0\u00a0\u00a0\u00a0\u00a0\u00a0\u00a0\u00a0\u00a0\u00a0\u00a0\u00a0\u00a0\u00a0\u00a0\u00a0\u00a0\u00a0\u00a0\u00a0\u00a0\u00a0\u00a0\u00a0\u00a0\u00a0\u00a0\u00a0\u00a0\u00a0\u00a0\u00a0\u00a0\u00a0\u00a0\u00a0\u00a0\u00a0\u00a0\u00a0\u00a0\u00a0 \u00a0 \u00a0\u00a0\u00a0 <strong>VIDEO<\/strong><\/p>\n<p><span style=\"font-family: Tahoma, sans-serif;\"><b>Cher Monsieur\/Madame,<\/b><\/span><\/p>\n<p><span style=\"font-family: Tahoma, sans-serif;\">Nous sommes ravis de vous pr\u00e9senter notre entreprise de transport de personnes et de location de v\u00e9hicules, qui propose des services de qualit\u00e9 sup\u00e9rieure.<\/span><\/p>\n<p><span style=\"font-family: Tahoma, sans-serif;\">Notre entreprise est sp\u00e9cialis\u00e9e dans le transport de personnes et la location de v\u00e9hicules de haute qualit\u00e9, offrant une large gamme de solutions pour r\u00e9pondre \u00e0 tous les besoins de nos clients. Que vous ayez besoin d&rsquo;un transfert a\u00e9roportuaire, d&rsquo;un d\u00e9placement professionnel ou d&rsquo;une location de v\u00e9hicule pour vos vacances en famille, nous avons la solution adapt\u00e9e pour vous.<\/span><\/p>\n<p><span style=\"font-family: Tahoma, sans-serif;\">Nous sommes fiers de fournir un service fiable, s\u00fbr et ponctuel \u00e0 nos clients, en utilisant des v\u00e9hicules modernes et bien entretenus, conduits par des chauffeurs professionnels et exp\u00e9riment\u00e9s. Nous sommes \u00e9galement en mesure de fournir des solutions de transport personnalis\u00e9es pour r\u00e9pondre aux besoins sp\u00e9cifiques de chaque client.<\/span><\/p>\n<p><span style=\"font-family: Tahoma, sans-serif;\">En plus de nos services de transport de personnes, nous proposons \u00e9galement une large gamme de v\u00e9hicules de location, allant des voitures \u00e9conomiques aux v\u00e9hicules haut de gamme, pour r\u00e9pondre \u00e0 tous les besoins de nos clients. Nous sommes fiers de proposer des tarifs comp\u00e9titifs et une assistance client\u00e8le 24 heures sur 24 pour garantir la satisfaction de nos clients.<\/span><\/p>\n<p><span style=\"font-family: Tahoma, sans-serif;\">Nous sommes convaincus que notre entreprise de transport de personnes et de location de v\u00e9hicules est la solution id\u00e9ale pour tous vos besoins de transport dans la r\u00e9gion. N&rsquo;h\u00e9sitez pas \u00e0 nous contacter pour en savoir plus sur nos services ou pour r\u00e9server votre prochain trajet ou location de v\u00e9hicule.<\/span><\/p>\n<p><span style=\"font-family: Tahoma, sans-serif;\">Nous vous remercions de votre attention et nous sommes impatients de travailler avec vous pour vous offrir le meilleur service possible.<\/span><\/p>\n<p><span style=\"font-family: Tahoma, sans-serif;\">Cordialement<\/span><\/p>\n<hr \/>\n<h4>\u00a0<\/h4>\n<p><noscript><a href=\"http:\/\/www.compteur-visite.com\/\">Services gratuits pour webmasters<\/a><\/noscript><\/p>\n\n\n<p><\/p>\n","protected":false},"excerpt":{"rendered":"<p>\u00a0 \u00a0 \u00a0 \u00a0 \u00a0 \u00a0 \u00a0 \u00a0 \u00a0 \u00a0 \u00a0 \u00a0 \u00a0 \u00a0 \u00a0 \u00a0 \u00a0 \u00a0 \u00a0 \u00a0 \u00a0\u00a0 \u00a0 079\/ 323-1700\u00a0 1700@bluewin.ch Visite du parc v\u00e9hicules \u00a0\u00a0\u00a0\u00a0\u00a0\u00a0\u00a0\u00a0\u00a0\u00a0\u00a0\u00a0\u00a0\u00a0\u00a0\u00a0\u00a0\u00a0\u00a0\u00a0\u00a0\u00a0\u00a0\u00a0\u00a0\u00a0\u00a0\u00a0\u00a0\u00a0\u00a0\u00a0\u00a0\u00a0\u00a0\u00a0\u00a0\u00a0\u00a0\u00a0\u00a0\u00a0\u00a0\u00a0\u00a0\u00a0\u00a0\u00a0\u00a0\u00a0\u00a0\u00a0\u00a0\u00a0\u00a0\u00a0\u00a0\u00a0\u00a0\u00a0\u00a0\u00a0\u00a0\u00a0\u00a0\u00a0\u00a0\u00a0\u00a0\u00a0\u00a0 \u00a0 \u00a0\u00a0\u00a0 VIDEO Cher Monsieur\/Madame, Nous sommes ravis de vous<span class=\"ellipsis\">&hellip;<\/span><\/p>\n<div class=\"read-more\"><a href=\"https:\/\/taxis-sarine.ch\/\">Lire la suite <span class=\"screen-reader-text\">PROFIL D&rsquo;ENTREPRISE<\/span><span class=\"meta-nav\"> &#8250;<\/span><\/a><\/div>\n<p><!-- end of .read-more --><\/p>\n","protected":false},"author":1,"featured_media":0,"parent":0,"menu_order":0,"comment_status":"closed","ping_status":"closed","template":"","meta":{"_monsterinsights_skip_tracking":false,"_monsterinsights_sitenote_active":false,"_monsterinsights_sitenote_note":"","_monsterinsights_sitenote_category":0,"footnotes":""},"class_list":["post-104","page","type-page","status-publish","hentry"],"_links":{"self":[{"href":"https:\/\/taxis-sarine.ch\/index.php?rest_route=\/wp\/v2\/pages\/104","targetHints":{"allow":["GET"]}}],"collection":[{"href":"https:\/\/taxis-sarine.ch\/index.php?rest_route=\/wp\/v2\/pages"}],"about":[{"href":"https:\/\/taxis-sarine.ch\/index.php?rest_route=\/wp\/v2\/types\/page"}],"author":[{"embeddable":true,"href":"https:\/\/taxis-sarine.ch\/index.php?rest_route=\/wp\/v2\/users\/1"}],"replies":[{"embeddable":true,"href":"https:\/\/taxis-sarine.ch\/index.php?rest_route=%2Fwp%2Fv2%2Fcomments&post=104"}],"version-history":[{"count":77,"href":"https:\/\/taxis-sarine.ch\/index.php?rest_route=\/wp\/v2\/pages\/104\/revisions"}],"predecessor-version":[{"id":1836,"href":"https:\/\/taxis-sarine.ch\/index.php?rest_route=\/wp\/v2\/pages\/104\/revisions\/1836"}],"wp:attachment":[{"href":"https:\/\/taxis-sarine.ch\/index.php?rest_route=%2Fwp%2Fv2%2Fmedia&parent=104"}],"curies":[{"name":"wp","href":"https:\/\/api.w.org\/{rel}","templated":true}]}}