{"id":121,"date":"2016-08-29T15:21:19","date_gmt":"2016-08-29T13:21:19","guid":{"rendered":"http:\/\/taxis-sarine.ch\/?page_id=121"},"modified":"2024-05-09T21:38:55","modified_gmt":"2024-05-09T19:38:55","slug":"service-autocar","status":"publish","type":"page","link":"https:\/\/taxis-sarine.ch\/?page_id=121","title":{"rendered":"SERVICE AUTOCAR"},"content":{"rendered":"<div id=\"header_layer\">\n<div id=\"id1\" class=\"style_SkipStroke shape-with-text\">\n<div class=\"text-content style_External_630_50\">\n<div class=\"style\">\n<h4 class=\"Header\"><img loading=\"lazy\" decoding=\"async\" class=\"alignnone  wp-image-1301\" src=\"https:\/\/taxis-sarine.ch\/wp-content\/uploads\/2018\/02\/LOGO-E-MAIL-298x300.jpg\" alt=\"\" width=\"45\" height=\"45\" srcset=\"https:\/\/taxis-sarine.ch\/wp-content\/uploads\/2018\/02\/LOGO-E-MAIL-298x300.jpg 298w, https:\/\/taxis-sarine.ch\/wp-content\/uploads\/2018\/02\/LOGO-E-MAIL-150x150.jpg 150w, https:\/\/taxis-sarine.ch\/wp-content\/uploads\/2018\/02\/LOGO-E-MAIL-768x772.jpg 768w, https:\/\/taxis-sarine.ch\/wp-content\/uploads\/2018\/02\/LOGO-E-MAIL-1019x1024.jpg 1019w, https:\/\/taxis-sarine.ch\/wp-content\/uploads\/2018\/02\/LOGO-E-MAIL-100x101.jpg 100w, https:\/\/taxis-sarine.ch\/wp-content\/uploads\/2018\/02\/LOGO-E-MAIL-200x201.jpg 200w, https:\/\/taxis-sarine.ch\/wp-content\/uploads\/2018\/02\/LOGO-E-MAIL-300x302.jpg 300w, https:\/\/taxis-sarine.ch\/wp-content\/uploads\/2018\/02\/LOGO-E-MAIL-450x452.jpg 450w, https:\/\/taxis-sarine.ch\/wp-content\/uploads\/2018\/02\/LOGO-E-MAIL-600x603.jpg 600w, https:\/\/taxis-sarine.ch\/wp-content\/uploads\/2018\/02\/LOGO-E-MAIL-900x905.jpg 900w\" sizes=\"auto, (max-width: 45px) 100vw, 45px\" \/> <strong><a href=\"mailto:1700@bluewin.ch\"><span style=\"text-decoration: underline;\"><span style=\"font-family: tahoma, arial, helvetica, sans-serif;\">1700@bluewin.ch<\/span><\/span><\/a><\/strong><\/h4>\n<h4><strong><a href=\"https:\/\/taxis-sarine.ch\/wp-content\/uploads\/2024\/05\/QR-CODE-WAT.jpg\"><img loading=\"lazy\" decoding=\"async\" class=\"alignnone  wp-image-1791\" src=\"https:\/\/taxis-sarine.ch\/wp-content\/uploads\/2024\/05\/QR-CODE-WAT-226x300.jpg\" alt=\"\" width=\"73\" height=\"96\" srcset=\"https:\/\/taxis-sarine.ch\/wp-content\/uploads\/2024\/05\/QR-CODE-WAT-226x300.jpg 226w, https:\/\/taxis-sarine.ch\/wp-content\/uploads\/2024\/05\/QR-CODE-WAT-100x133.jpg 100w, https:\/\/taxis-sarine.ch\/wp-content\/uploads\/2024\/05\/QR-CODE-WAT-150x199.jpg 150w, https:\/\/taxis-sarine.ch\/wp-content\/uploads\/2024\/05\/QR-CODE-WAT-200x266.jpg 200w, https:\/\/taxis-sarine.ch\/wp-content\/uploads\/2024\/05\/QR-CODE-WAT-300x399.jpg 300w, https:\/\/taxis-sarine.ch\/wp-content\/uploads\/2024\/05\/QR-CODE-WAT-450x598.jpg 450w, https:\/\/taxis-sarine.ch\/wp-content\/uploads\/2024\/05\/QR-CODE-WAT-600x798.jpg 600w, https:\/\/taxis-sarine.ch\/wp-content\/uploads\/2024\/05\/QR-CODE-WAT.jpg 634w\" sizes=\"auto, (max-width: 73px) 100vw, 73px\" \/><\/a>\u00a0 079\/ 323 &#8211; 1700<\/strong><\/h4>\n<p class=\"Header\"><span style=\"color: #0000ff;\">\u00a0 \u00a0 \u00a0 \u00a0 \u00a0 \u00a0 \u00a0 \u00a0 \u00a0 \u00a0 \u00a0 \u00a0 \u00a0 \u00a0 \u00a0 \u00a0 \u00a0 \u00a0 \u00a0 \u00a0 \u00a0 \u00a0 \u00a0 \u00a0 \u00a0 \u00a0 \u00a0 \u00a0 \u00a0 <a href=\"https:\/\/taxis-sarine.ch\/?page_id=1118\"><strong>\u00a0 \u00a0<\/strong><\/a><\/span><\/p>\n<hr \/>\n<p class=\"Header\"><a href=\"https:\/\/taxis-sarine.ch\/?attachment_id=1613\" rel=\"attachment wp-att-1613\">\u00a0<\/a><\/p>\n<hr \/>\n<h2 class=\"Header\"><strong><a href=\"https:\/\/taxis-sarine.ch\/wp-content\/uploads\/2023\/03\/BANNIERE-3-CARS-WEB-scaled.jpg\"><img loading=\"lazy\" decoding=\"async\" class=\"alignnone  wp-image-1700\" src=\"https:\/\/taxis-sarine.ch\/wp-content\/uploads\/2023\/03\/BANNIERE-3-CARS-WEB-300x88.jpg\" alt=\"\" width=\"805\" height=\"236\" srcset=\"https:\/\/taxis-sarine.ch\/wp-content\/uploads\/2023\/03\/BANNIERE-3-CARS-WEB-300x88.jpg 300w, https:\/\/taxis-sarine.ch\/wp-content\/uploads\/2023\/03\/BANNIERE-3-CARS-WEB-1024x300.jpg 1024w, https:\/\/taxis-sarine.ch\/wp-content\/uploads\/2023\/03\/BANNIERE-3-CARS-WEB-768x225.jpg 768w, https:\/\/taxis-sarine.ch\/wp-content\/uploads\/2023\/03\/BANNIERE-3-CARS-WEB-1536x451.jpg 1536w, https:\/\/taxis-sarine.ch\/wp-content\/uploads\/2023\/03\/BANNIERE-3-CARS-WEB-2048x601.jpg 2048w, https:\/\/taxis-sarine.ch\/wp-content\/uploads\/2023\/03\/BANNIERE-3-CARS-WEB-100x29.jpg 100w, https:\/\/taxis-sarine.ch\/wp-content\/uploads\/2023\/03\/BANNIERE-3-CARS-WEB-150x44.jpg 150w, https:\/\/taxis-sarine.ch\/wp-content\/uploads\/2023\/03\/BANNIERE-3-CARS-WEB-200x59.jpg 200w, https:\/\/taxis-sarine.ch\/wp-content\/uploads\/2023\/03\/BANNIERE-3-CARS-WEB-450x132.jpg 450w, https:\/\/taxis-sarine.ch\/wp-content\/uploads\/2023\/03\/BANNIERE-3-CARS-WEB-600x176.jpg 600w, https:\/\/taxis-sarine.ch\/wp-content\/uploads\/2023\/03\/BANNIERE-3-CARS-WEB-900x264.jpg 900w\" sizes=\"auto, (max-width: 805px) 100vw, 805px\" \/><\/a><\/strong><\/h2>\n<h5><span class=\"sd-abs-pos\"><img loading=\"lazy\" decoding=\"async\" src=\"https:\/\/chat.openai.com\/_next\/image?url=https%3A%2F%2Flh3.googleusercontent.com%2Fa%2FAGNmyxb8OgFzB6YcBAo0qRqwmPmDJo7oZ5sEobPRENHdz28%3Ds96-c&amp;w=64&amp;q=75\" width=\"2\" height=\"2\" name=\"images2\" border=\"0\" \/><\/span><span style=\"font-family: Tahoma, sans-serif;\"><b>Cher(s) client(s),<\/b><\/span><\/h5>\n<h5><span style=\"font-family: Tahoma, sans-serif;\"><b>Notre entreprise Taxis-Sarine est fi\u00e8re de vous proposer ses services de transport de personnes depuis maintenant 30 ans. Nous sommes leader sur le march\u00e9 de Fribourg, gr\u00e2ce \u00e0 nos produits vari\u00e9s et notre Licence de transport Europ\u00e9enne, qui nous permet de desservir de nombreuses destinations en Europe.<\/b><\/span><\/h5>\n<h5><span style=\"font-family: Tahoma, sans-serif;\"><b>Notre agence offre des forfaits en autocar de luxe avec guide-accompagnateur(trice) pour des circuits culturels, des spectacles, des expositions, des salons et des \u00e9v\u00e9nements sportifs. Nous proposons \u00e9galement des services tout inclus tels que des billets d&rsquo;avion, des croisi\u00e8res et des assurances voyages, afin que vous puissiez profiter de votre temps libre en toute s\u00e9r\u00e9nit\u00e9.<\/b><\/span><\/h5>\n<h5><span style=\"font-family: Tahoma, sans-serif;\"><b>Nous disposons d&rsquo;une flotte de cars de diff\u00e9rentes tailles 15 &#8211; 17 &#8211; 21 \u2013 30 \u2013 45 \u2013 50 \u2013 70 places ainsi que de minibus VIP de 9 &#8211; 14 &#8211; 15 &#8211; 16 places, et nous pouvons adapter nos services \u00e0 vos besoins et vos souhaits. Nos chauffeurs professionnels et nos h\u00f4tesses sont aimables et courtois, et nous sommes fiers de notre philosophie qui consiste \u00e0 r\u00e9aliser vos souhaits et \u00e0 \u00eatre enti\u00e8rement \u00e0 votre service avec un service de qualit\u00e9.<\/b><\/span><\/h5>\n<h5><span style=\"font-family: Tahoma, sans-serif;\"><b>Nous sommes heureux de vous compter parmi nos clients, et nous vous remercions de votre confiance. Nous esp\u00e9rons que vous profiterez pleinement de vos voyages avec Taxis-Sarine.ch<\/b><\/span><\/h5>\n<h5><span style=\"font-family: Tahoma, sans-serif;\"><b>Bien cordialement,<\/b><\/span><\/h5>\n<p><span style=\"font-family: Tahoma, sans-serif;\"><b>La direction de Taxis-Sarine<\/b><\/span><\/p>\n<p class=\"Header\">\n<\/div>\n<\/div>\n<\/div>\n<\/div>\n<div id=\"body_layer\">\n<div id=\"id5\" class=\"style_SkipStroke_1 shape-with-text\">\n<div class=\"text-content graphic_textbox_layout_style_default_External_686_619\">\n<div class=\"graphic_textbox_layout_style_default\">\n<p class=\"paragraph_style_3\">\n<\/div>\n<p style=\"text-align: center;\">\n<\/div>\n<\/div>\n<\/div>\n","protected":false},"excerpt":{"rendered":"<p>1700@bluewin.ch \u00a0 079\/ 323 &#8211; 1700 \u00a0 \u00a0 \u00a0 \u00a0 \u00a0 \u00a0 \u00a0 \u00a0 \u00a0 \u00a0 \u00a0 \u00a0 \u00a0 \u00a0 \u00a0 \u00a0 \u00a0 \u00a0 \u00a0 \u00a0 \u00a0 \u00a0 \u00a0 \u00a0 \u00a0 \u00a0 \u00a0 \u00a0 \u00a0 \u00a0 \u00a0 \u00a0 Cher(s) client(s),<span class=\"ellipsis\">&hellip;<\/span><\/p>\n<div class=\"read-more\"><a href=\"https:\/\/taxis-sarine.ch\/?page_id=121\">Lire la suite <span class=\"screen-reader-text\">SERVICE AUTOCAR<\/span><span class=\"meta-nav\"> &#8250;<\/span><\/a><\/div>\n<p><!-- end of .read-more --><\/p>\n","protected":false},"author":1,"featured_media":0,"parent":0,"menu_order":0,"comment_status":"closed","ping_status":"closed","template":"","meta":{"_monsterinsights_skip_tracking":false,"_monsterinsights_sitenote_active":false,"_monsterinsights_sitenote_note":"","_monsterinsights_sitenote_category":0,"footnotes":""},"class_list":["post-121","page","type-page","status-publish","hentry"],"_links":{"self":[{"href":"https:\/\/taxis-sarine.ch\/index.php?rest_route=\/wp\/v2\/pages\/121","targetHints":{"allow":["GET"]}}],"collection":[{"href":"https:\/\/taxis-sarine.ch\/index.php?rest_route=\/wp\/v2\/pages"}],"about":[{"href":"https:\/\/taxis-sarine.ch\/index.php?rest_route=\/wp\/v2\/types\/page"}],"author":[{"embeddable":true,"href":"https:\/\/taxis-sarine.ch\/index.php?rest_route=\/wp\/v2\/users\/1"}],"replies":[{"embeddable":true,"href":"https:\/\/taxis-sarine.ch\/index.php?rest_route=%2Fwp%2Fv2%2Fcomments&post=121"}],"version-history":[{"count":46,"href":"https:\/\/taxis-sarine.ch\/index.php?rest_route=\/wp\/v2\/pages\/121\/revisions"}],"predecessor-version":[{"id":1809,"href":"https:\/\/taxis-sarine.ch\/index.php?rest_route=\/wp\/v2\/pages\/121\/revisions\/1809"}],"wp:attachment":[{"href":"https:\/\/taxis-sarine.ch\/index.php?rest_route=%2Fwp%2Fv2%2Fmedia&parent=121"}],"curies":[{"name":"wp","href":"https:\/\/api.w.org\/{rel}","templated":true}]}}