{"id":686,"date":"2016-09-18T15:16:54","date_gmt":"2016-09-18T13:16:54","guid":{"rendered":"http:\/\/taxis-sarine.ch\/?page_id=686"},"modified":"2024-05-09T22:03:57","modified_gmt":"2024-05-09T20:03:57","slug":"service-de-livaison","status":"publish","type":"page","link":"https:\/\/taxis-sarine.ch\/?page_id=686","title":{"rendered":"SERVICE DE LIVRAISON"},"content":{"rendered":"<p><!-- [if lt IE 9]>\n<script src=\"\/sites\/all\/themes\/zen\/js\/html5-respond.js\"><\/script>\n<![endif]--><\/p>\n<div id=\"page\">\n<div id=\"main\">\n<div id=\"content\" class=\"column wrap wrapper-content\">\n<div class=\"cci-panel panel-display two-66-33 clearfix\">\n<div class=\"region region-two-66-33-first content-two-col\">\n<div class=\"region-inner clearfix\">\n<div class=\"panel-pane pane-block pane-views-informations-info-content pane-views\">\n<div class=\"view view-informations view-id-informations view-display-id-info_content content-style-title view-dom-id-8c1241e445b72e301e57f081fda72eef\">\n<div class=\"view-content\">\n<div class=\"views-row views-row-1 views-row-odd views-row-first views-row-last clearfix\">\n<h4><img loading=\"lazy\" decoding=\"async\" class=\"alignnone wp-image-1301\" src=\"https:\/\/taxis-sarine.ch\/wp-content\/uploads\/2018\/02\/LOGO-E-MAIL-298x300.jpg\" alt=\"\" width=\"46\" height=\"46\" srcset=\"https:\/\/taxis-sarine.ch\/wp-content\/uploads\/2018\/02\/LOGO-E-MAIL-298x300.jpg 298w, https:\/\/taxis-sarine.ch\/wp-content\/uploads\/2018\/02\/LOGO-E-MAIL-150x150.jpg 150w, https:\/\/taxis-sarine.ch\/wp-content\/uploads\/2018\/02\/LOGO-E-MAIL-768x772.jpg 768w, https:\/\/taxis-sarine.ch\/wp-content\/uploads\/2018\/02\/LOGO-E-MAIL-1019x1024.jpg 1019w, https:\/\/taxis-sarine.ch\/wp-content\/uploads\/2018\/02\/LOGO-E-MAIL-100x101.jpg 100w, https:\/\/taxis-sarine.ch\/wp-content\/uploads\/2018\/02\/LOGO-E-MAIL-200x201.jpg 200w, https:\/\/taxis-sarine.ch\/wp-content\/uploads\/2018\/02\/LOGO-E-MAIL-300x302.jpg 300w, https:\/\/taxis-sarine.ch\/wp-content\/uploads\/2018\/02\/LOGO-E-MAIL-450x452.jpg 450w, https:\/\/taxis-sarine.ch\/wp-content\/uploads\/2018\/02\/LOGO-E-MAIL-600x603.jpg 600w, https:\/\/taxis-sarine.ch\/wp-content\/uploads\/2018\/02\/LOGO-E-MAIL-900x905.jpg 900w\" sizes=\"auto, (max-width: 46px) 100vw, 46px\" \/> <strong><a href=\"mailto:1700@bluewin.ch\"><span style=\"text-decoration: underline;\"><span style=\"font-family: tahoma, arial, helvetica, sans-serif;\">1700@bluewin.ch<\/span><\/span><\/a><\/strong><\/h4>\n<h4 class=\"content_holder\"><strong><a href=\"https:\/\/taxis-sarine.ch\/wp-content\/uploads\/2024\/05\/QR-CODE-WAT.jpg\"><img loading=\"lazy\" decoding=\"async\" class=\"alignnone  wp-image-1791\" src=\"https:\/\/taxis-sarine.ch\/wp-content\/uploads\/2024\/05\/QR-CODE-WAT-226x300.jpg\" alt=\"\" width=\"60\" height=\"80\" srcset=\"https:\/\/taxis-sarine.ch\/wp-content\/uploads\/2024\/05\/QR-CODE-WAT-226x300.jpg 226w, https:\/\/taxis-sarine.ch\/wp-content\/uploads\/2024\/05\/QR-CODE-WAT-100x133.jpg 100w, https:\/\/taxis-sarine.ch\/wp-content\/uploads\/2024\/05\/QR-CODE-WAT-150x199.jpg 150w, https:\/\/taxis-sarine.ch\/wp-content\/uploads\/2024\/05\/QR-CODE-WAT-200x266.jpg 200w, https:\/\/taxis-sarine.ch\/wp-content\/uploads\/2024\/05\/QR-CODE-WAT-300x399.jpg 300w, https:\/\/taxis-sarine.ch\/wp-content\/uploads\/2024\/05\/QR-CODE-WAT-450x598.jpg 450w, https:\/\/taxis-sarine.ch\/wp-content\/uploads\/2024\/05\/QR-CODE-WAT-600x798.jpg 600w, https:\/\/taxis-sarine.ch\/wp-content\/uploads\/2024\/05\/QR-CODE-WAT.jpg 634w\" sizes=\"auto, (max-width: 60px) 100vw, 60px\" \/><\/a> 079\/ 323-1700<\/strong><\/h4>\n<p><span style=\"font-size: 12pt; color: #000000;\"><strong><span style=\"font-family: tahoma, arial, helvetica, sans-serif;\">Transport de colis, pi\u00e8ces d\u00e9tach\u00e9s, meubles, etc..<\/span><\/strong><\/span><\/p>\n<p><a href=\"https:\/\/taxis-sarine.ch\/?page_id=990&amp;preview=true\"><img loading=\"lazy\" decoding=\"async\" class=\"alignnone wp-image-781\" src=\"https:\/\/taxis-sarine.ch\/wp-content\/uploads\/2016\/09\/bus-de-livraison-1-300x129.png\" alt=\"bus-de-livraison\" width=\"412\" height=\"177\" srcset=\"https:\/\/taxis-sarine.ch\/wp-content\/uploads\/2016\/09\/bus-de-livraison-1-300x129.png 300w, https:\/\/taxis-sarine.ch\/wp-content\/uploads\/2016\/09\/bus-de-livraison-1-768x330.png 768w, https:\/\/taxis-sarine.ch\/wp-content\/uploads\/2016\/09\/bus-de-livraison-1-1024x440.png 1024w, https:\/\/taxis-sarine.ch\/wp-content\/uploads\/2016\/09\/bus-de-livraison-1-100x43.png 100w, https:\/\/taxis-sarine.ch\/wp-content\/uploads\/2016\/09\/bus-de-livraison-1-150x64.png 150w, https:\/\/taxis-sarine.ch\/wp-content\/uploads\/2016\/09\/bus-de-livraison-1-200x86.png 200w, https:\/\/taxis-sarine.ch\/wp-content\/uploads\/2016\/09\/bus-de-livraison-1-450x193.png 450w, https:\/\/taxis-sarine.ch\/wp-content\/uploads\/2016\/09\/bus-de-livraison-1-600x258.png 600w, https:\/\/taxis-sarine.ch\/wp-content\/uploads\/2016\/09\/bus-de-livraison-1-900x387.png 900w, https:\/\/taxis-sarine.ch\/wp-content\/uploads\/2016\/09\/bus-de-livraison-1-50x21.png 50w\" sizes=\"auto, (max-width: 412px) 100vw, 412px\" \/><\/a><\/p>\n<\/div>\n<\/div>\n<div class=\"view-content\">\n<div class=\"views-row views-row-1 views-row-odd views-row-first views-row-last clearfix\">\n<div class=\"content_holder\">\n<p><strong>N<span style=\"font-size: 8pt;\">otre entreprise vous propose un ensemble de prestation de transport en Suisse ou en Europe.<\/span><\/strong><\/p>\n<p><strong><span style=\"font-size: 8pt;\">TAXIS SARINE est une entreprise ou chaque solution cr\u00e9ative est mise au service du client. Le but de notre entreprise est instaurer une relation privil\u00e9gi\u00e9e entre le client et le transporteur.<\/span><\/strong><\/p>\n<p><strong><span style=\"font-size: 8pt;\">Le partenariat est l&rsquo;outil majeur de la r\u00e9ussite de toutes livraisons.<\/span><\/strong><\/p>\n<h2 style=\"text-align: center;\"><strong>D\u00e9m\u00e9nagement sur demande<\/strong><\/h2>\n<p style=\"text-align: center;\"><img loading=\"lazy\" decoding=\"async\" class=\"wp-image-1317 aligncenter\" src=\"https:\/\/taxis-sarine.ch\/wp-content\/uploads\/2018\/02\/DEMENAGEMENT-300x121.jpg\" alt=\"\" width=\"510\" height=\"206\" srcset=\"https:\/\/taxis-sarine.ch\/wp-content\/uploads\/2018\/02\/DEMENAGEMENT-300x121.jpg 300w, https:\/\/taxis-sarine.ch\/wp-content\/uploads\/2018\/02\/DEMENAGEMENT-768x310.jpg 768w, https:\/\/taxis-sarine.ch\/wp-content\/uploads\/2018\/02\/DEMENAGEMENT-1024x413.jpg 1024w, https:\/\/taxis-sarine.ch\/wp-content\/uploads\/2018\/02\/DEMENAGEMENT-100x40.jpg 100w, https:\/\/taxis-sarine.ch\/wp-content\/uploads\/2018\/02\/DEMENAGEMENT-150x60.jpg 150w, https:\/\/taxis-sarine.ch\/wp-content\/uploads\/2018\/02\/DEMENAGEMENT-200x81.jpg 200w, https:\/\/taxis-sarine.ch\/wp-content\/uploads\/2018\/02\/DEMENAGEMENT-450x181.jpg 450w, https:\/\/taxis-sarine.ch\/wp-content\/uploads\/2018\/02\/DEMENAGEMENT-600x242.jpg 600w, https:\/\/taxis-sarine.ch\/wp-content\/uploads\/2018\/02\/DEMENAGEMENT-900x363.jpg 900w\" sizes=\"auto, (max-width: 510px) 100vw, 510px\" \/><\/p>\n<\/div>\n<\/div>\n<\/div>\n<\/div>\n<\/div>\n<\/div>\n<\/div>\n<\/div>\n<\/div>\n<\/div>\n<\/div>\n","protected":false},"excerpt":{"rendered":"<p>1700@bluewin.ch 079\/ 323-1700 Transport de colis, pi\u00e8ces d\u00e9tach\u00e9s, meubles, etc.. Notre entreprise vous propose un ensemble de prestation de transport en Suisse ou en Europe. TAXIS SARINE est une entreprise ou chaque solution cr\u00e9ative est mise au service du client.<span class=\"ellipsis\">&hellip;<\/span><\/p>\n<div class=\"read-more\"><a href=\"https:\/\/taxis-sarine.ch\/?page_id=686\">Lire la suite <span class=\"screen-reader-text\">SERVICE DE LIVRAISON<\/span><span class=\"meta-nav\"> &#8250;<\/span><\/a><\/div>\n<p><!-- end of .read-more --><\/p>\n","protected":false},"author":1,"featured_media":0,"parent":0,"menu_order":0,"comment_status":"closed","ping_status":"closed","template":"","meta":{"_monsterinsights_skip_tracking":false,"_monsterinsights_sitenote_active":false,"_monsterinsights_sitenote_note":"","_monsterinsights_sitenote_category":0,"footnotes":""},"class_list":["post-686","page","type-page","status-publish","hentry"],"_links":{"self":[{"href":"https:\/\/taxis-sarine.ch\/index.php?rest_route=\/wp\/v2\/pages\/686","targetHints":{"allow":["GET"]}}],"collection":[{"href":"https:\/\/taxis-sarine.ch\/index.php?rest_route=\/wp\/v2\/pages"}],"about":[{"href":"https:\/\/taxis-sarine.ch\/index.php?rest_route=\/wp\/v2\/types\/page"}],"author":[{"embeddable":true,"href":"https:\/\/taxis-sarine.ch\/index.php?rest_route=\/wp\/v2\/users\/1"}],"replies":[{"embeddable":true,"href":"https:\/\/taxis-sarine.ch\/index.php?rest_route=%2Fwp%2Fv2%2Fcomments&post=686"}],"version-history":[{"count":27,"href":"https:\/\/taxis-sarine.ch\/index.php?rest_route=\/wp\/v2\/pages\/686\/revisions"}],"predecessor-version":[{"id":1832,"href":"https:\/\/taxis-sarine.ch\/index.php?rest_route=\/wp\/v2\/pages\/686\/revisions\/1832"}],"wp:attachment":[{"href":"https:\/\/taxis-sarine.ch\/index.php?rest_route=%2Fwp%2Fv2%2Fmedia&parent=686"}],"curies":[{"name":"wp","href":"https:\/\/api.w.org\/{rel}","templated":true}]}}